{"id":642,"date":"2023-06-13T15:15:57","date_gmt":"2023-06-13T13:15:57","guid":{"rendered":"https:\/\/tsabeekitchen.com\/?page_id=642"},"modified":"2023-12-13T10:03:21","modified_gmt":"2023-12-13T08:03:21","slug":"soup-appetizer-recipes-of-the-world","status":"publish","type":"page","link":"https:\/\/tsabeekitchen.com\/pl\/soup-appetizer-recipes-of-the-world\/","title":{"rendered":"Przystawki i zupy"},"content":{"rendered":"<div data-elementor-type=\"wp-page\" data-elementor-id=\"642\" class=\"elementor elementor-642\" data-elementor-post-type=\"page\">\n\t\t\t\t\t\t<section class=\"elementor-section elementor-top-section elementor-element elementor-element-6227cd6 elementor-section-boxed elementor-section-height-default elementor-section-height-default\" data-id=\"6227cd6\" data-element_type=\"section\" data-e-type=\"section\">\n\t\t\t\t\t\t<div class=\"elementor-container elementor-column-gap-default\">\n\t\t\t\t\t<div class=\"elementor-column elementor-col-100 elementor-top-column elementor-element elementor-element-d3739be\" data-id=\"d3739be\" data-element_type=\"column\" data-e-type=\"column\">\n\t\t\t<div class=\"elementor-widget-wrap elementor-element-populated\">\n\t\t\t\t\t\t<div class=\"elementor-element elementor-element-ba7a962 elementor-widget elementor-widget-heading\" data-id=\"ba7a962\" data-element_type=\"widget\" data-e-type=\"widget\" data-widget_type=\"heading.default\">\n\t\t\t\t<div class=\"elementor-widget-container\">\n\t\t\t\t\t<h1 class=\"elementor-heading-title elementor-size-default\">Soup &amp; appetizer recipes of the World<\/h1>\t\t\t\t<\/div>\n\t\t\t\t<\/div>\n\t\t\t\t\t<\/div>\n\t\t<\/div>\n\t\t\t\t\t<\/div>\n\t\t<\/section>\n\t\t\t\t<section class=\"elementor-section elementor-top-section elementor-element elementor-element-ee70812 elementor-section-boxed elementor-section-height-default elementor-section-height-default\" data-id=\"ee70812\" data-element_type=\"section\" data-e-type=\"section\">\n\t\t\t\t\t\t<div class=\"elementor-container elementor-column-gap-default\">\n\t\t\t\t\t<div class=\"elementor-column elementor-col-100 elementor-top-column elementor-element elementor-element-554da1fd\" data-id=\"554da1fd\" data-element_type=\"column\" data-e-type=\"column\">\n\t\t\t<div class=\"elementor-widget-wrap elementor-element-populated\">\n\t\t\t\t\t\t<div class=\"elementor-element elementor-element-664c06d1 elementor-posts--align-left e-transform elementor-grid-3 elementor-grid-tablet-2 elementor-grid-mobile-1 elementor-posts--thumbnail-top elementor-posts--show-avatar elementor-card-shadow-yes elementor-posts__hover-gradient elementor-widget elementor-widget-posts\" data-id=\"664c06d1\" data-element_type=\"widget\" data-e-type=\"widget\" data-settings=\"{&quot;cards_row_gap&quot;:{&quot;unit&quot;:&quot;px&quot;,&quot;size&quot;:23,&quot;sizes&quot;:[]},&quot;cards_columns&quot;:&quot;3&quot;,&quot;cards_columns_tablet&quot;:&quot;2&quot;,&quot;cards_columns_mobile&quot;:&quot;1&quot;,&quot;cards_row_gap_tablet&quot;:{&quot;unit&quot;:&quot;px&quot;,&quot;size&quot;:&quot;&quot;,&quot;sizes&quot;:[]},&quot;cards_row_gap_mobile&quot;:{&quot;unit&quot;:&quot;px&quot;,&quot;size&quot;:&quot;&quot;,&quot;sizes&quot;:[]},&quot;_transform_rotateZ_effect&quot;:{&quot;unit&quot;:&quot;px&quot;,&quot;size&quot;:&quot;&quot;,&quot;sizes&quot;:[]},&quot;_transform_rotateZ_effect_tablet&quot;:{&quot;unit&quot;:&quot;deg&quot;,&quot;size&quot;:&quot;&quot;,&quot;sizes&quot;:[]},&quot;_transform_rotateZ_effect_mobile&quot;:{&quot;unit&quot;:&quot;deg&quot;,&quot;size&quot;:&quot;&quot;,&quot;sizes&quot;:[]}}\" data-widget_type=\"posts.cards\">\n\t\t\t\t<div class=\"elementor-widget-container\">\n\t\t\t\t\t\t\t<div class=\"elementor-posts-container elementor-posts elementor-posts--skin-cards elementor-grid\" role=\"list\">\n\t\t\t\t<article class=\"elementor-post elementor-grid-item post-8485 post type-post status-publish format-standard has-post-thumbnail hentry category-soup tag-italian-recipes tag-minestrone tag-minestrone-soup tag-minestrone-soup-recipe tag-soup-recipes tag-soup-recipes-vegetable\" role=\"listitem\">\n\t\t\t<div class=\"elementor-post__card\">\n\t\t\t\t<a class=\"elementor-post__thumbnail__link\" href=\"https:\/\/tsabeekitchen.com\/pl\/minestrone-soup-recipe-an-italian-classic\/\" tabindex=\"-1\" ><div class=\"elementor-post__thumbnail\"><img fetchpriority=\"high\" decoding=\"async\" width=\"768\" height=\"446\" src=\"https:\/\/tsabeekitchen.com\/wp-content\/uploads\/2023\/12\/minestrone-soup-768x446.jpg\" class=\"attachment-medium_large size-medium_large wp-image-8486\" alt=\"zupa minestrone\" srcset=\"https:\/\/tsabeekitchen.com\/wp-content\/uploads\/2023\/12\/minestrone-soup-768x446.jpg 768w, https:\/\/tsabeekitchen.com\/wp-content\/uploads\/2023\/12\/minestrone-soup-300x174.jpg 300w, https:\/\/tsabeekitchen.com\/wp-content\/uploads\/2023\/12\/minestrone-soup.jpg 848w\" sizes=\"(max-width: 768px) 100vw, 768px\" title=\"\"><\/div><\/a>\n\t\t\t\t<div class=\"elementor-post__avatar\">\n\t\t\t\t\t<\/div>\n\t\t\t\t<div class=\"elementor-post__text\">\n\t\t\t\t<h3 class=\"elementor-post__title\">\n\t\t\t<a href=\"https:\/\/tsabeekitchen.com\/pl\/minestrone-soup-recipe-an-italian-classic\/\" >\n\t\t\t\tPrzepis na zup\u0119 minestrone - w\u0142oski klasyk\t\t\t<\/a>\n\t\t<\/h3>\n\t\t\n\t\t<a class=\"elementor-post__read-more\" href=\"https:\/\/tsabeekitchen.com\/pl\/minestrone-soup-recipe-an-italian-classic\/\" aria-label=\"Read more about Minestrone soup recipe &#8211; an Italian classic\" tabindex=\"-1\" >\n\t\t\tCzytaj wi\u0119cej \u00bb\t\t<\/a>\n\n\t\t\t\t<\/div>\n\t\t\t\t\t<\/div>\n\t\t<\/article>\n\t\t\t\t<article class=\"elementor-post elementor-grid-item post-7699 post type-post status-publish format-standard has-post-thumbnail hentry category-soup tag-cream-of-mushroom-soup tag-cream-of-mushroom-soup-recipe tag-cream-of-mushroom-soup-recipe-ideas tag-cream-of-mushroom-soup-recipes tag-cream-of-mushroom-suop tag-cream-soup tag-cream-soup-recipes tag-mushroom-recipe-ideas tag-mushroom-recipes tag-mushroom-soup tag-soup-recipes\" role=\"listitem\">\n\t\t\t<div class=\"elementor-post__card\">\n\t\t\t\t<a class=\"elementor-post__thumbnail__link\" href=\"https:\/\/tsabeekitchen.com\/pl\/cream-of-mushroom-soup\/\" tabindex=\"-1\" ><div class=\"elementor-post__thumbnail\"><img decoding=\"async\" width=\"768\" height=\"512\" src=\"https:\/\/tsabeekitchen.com\/wp-content\/uploads\/2023\/11\/cream-of-mushroom-soup-768x512.jpg\" class=\"attachment-medium_large size-medium_large wp-image-7700\" alt=\"zupa krem z grzyb\u00f3w\" srcset=\"https:\/\/tsabeekitchen.com\/wp-content\/uploads\/2023\/11\/cream-of-mushroom-soup-768x512.jpg 768w, https:\/\/tsabeekitchen.com\/wp-content\/uploads\/2023\/11\/cream-of-mushroom-soup-300x200.jpg 300w, https:\/\/tsabeekitchen.com\/wp-content\/uploads\/2023\/11\/cream-of-mushroom-soup.jpg 848w\" sizes=\"(max-width: 768px) 100vw, 768px\" title=\"\"><\/div><\/a>\n\t\t\t\t<div class=\"elementor-post__avatar\">\n\t\t\t\t\t<\/div>\n\t\t\t\t<div class=\"elementor-post__text\">\n\t\t\t\t<h3 class=\"elementor-post__title\">\n\t\t\t<a href=\"https:\/\/tsabeekitchen.com\/pl\/cream-of-mushroom-soup\/\" >\n\t\t\t\tZupa krem z grzyb\u00f3w\t\t\t<\/a>\n\t\t<\/h3>\n\t\t\n\t\t<a class=\"elementor-post__read-more\" href=\"https:\/\/tsabeekitchen.com\/pl\/cream-of-mushroom-soup\/\" aria-label=\"Read more about Cream of mushroom soup\" tabindex=\"-1\" >\n\t\t\tCzytaj wi\u0119cej \u00bb\t\t<\/a>\n\n\t\t\t\t<\/div>\n\t\t\t\t\t<\/div>\n\t\t<\/article>\n\t\t\t\t<article class=\"elementor-post elementor-grid-item post-7513 post type-post status-publish format-standard has-post-thumbnail hentry category-side-dish tag-ajvar tag-ajvar-paprika tag-ajvar-recept tag-ajvar-recipe tag-ajvar-recipe-serbian tag-ajvarski-pepper tag-homemade-ajvar tag-how-to-make-ajvar tag-roasted-pepper-sauce tag-serbian-ajvar-recipe\" role=\"listitem\">\n\t\t\t<div class=\"elementor-post__card\">\n\t\t\t\t<a class=\"elementor-post__thumbnail__link\" href=\"https:\/\/tsabeekitchen.com\/pl\/ajvar-recipe\/\" tabindex=\"-1\" ><div class=\"elementor-post__thumbnail\"><img decoding=\"async\" width=\"768\" height=\"432\" src=\"https:\/\/tsabeekitchen.com\/wp-content\/uploads\/2023\/11\/ajvar-recipe-768x432.jpg\" class=\"attachment-medium_large size-medium_large wp-image-7514\" alt=\"ajvar recipe\" srcset=\"https:\/\/tsabeekitchen.com\/wp-content\/uploads\/2023\/11\/ajvar-recipe-768x432.jpg 768w, https:\/\/tsabeekitchen.com\/wp-content\/uploads\/2023\/11\/ajvar-recipe-300x169.jpg 300w, https:\/\/tsabeekitchen.com\/wp-content\/uploads\/2023\/11\/ajvar-recipe.jpg 848w\" sizes=\"(max-width: 768px) 100vw, 768px\" title=\"\"><\/div><\/a>\n\t\t\t\t<div class=\"elementor-post__avatar\">\n\t\t\t\t\t<\/div>\n\t\t\t\t<div class=\"elementor-post__text\">\n\t\t\t\t<h3 class=\"elementor-post__title\">\n\t\t\t<a href=\"https:\/\/tsabeekitchen.com\/pl\/ajvar-recipe\/\" >\n\t\t\t\tAjvar recipe &#8211; the Serbian roasted pepper sauce\t\t\t<\/a>\n\t\t<\/h3>\n\t\t\n\t\t<a class=\"elementor-post__read-more\" href=\"https:\/\/tsabeekitchen.com\/pl\/ajvar-recipe\/\" aria-label=\"Read more about Ajvar recipe &#8211; the Serbian roasted pepper sauce\" tabindex=\"-1\" >\n\t\t\tCzytaj wi\u0119cej \u00bb\t\t<\/a>\n\n\t\t\t\t<\/div>\n\t\t\t\t\t<\/div>\n\t\t<\/article>\n\t\t\t\t<article class=\"elementor-post elementor-grid-item post-6205 post type-post status-publish format-standard has-post-thumbnail hentry category-appetizer tag-cold-potato-salad tag-diy-mayo tag-diy-mayonnaise tag-homemade-mayonaisse tag-mayo-recipe tag-mayonnaise-recipe tag-potato-salad tag-potato-salad-recipe tag-potato-salad-with-mayonnaise\" role=\"listitem\">\n\t\t\t<div class=\"elementor-post__card\">\n\t\t\t\t<a class=\"elementor-post__thumbnail__link\" href=\"https:\/\/tsabeekitchen.com\/pl\/potato-salad-diy-mayonnaise\/\" tabindex=\"-1\" ><div class=\"elementor-post__thumbnail\"><img loading=\"lazy\" decoding=\"async\" width=\"768\" height=\"433\" src=\"https:\/\/tsabeekitchen.com\/wp-content\/uploads\/2023\/09\/potato-salad-with-diy-mayonnaise-768x433.jpg\" class=\"attachment-medium_large size-medium_large wp-image-6208\" alt=\"Sa\u0142atka ziemniaczana z majonezem DIY\" srcset=\"https:\/\/tsabeekitchen.com\/wp-content\/uploads\/2023\/09\/potato-salad-with-diy-mayonnaise-768x433.jpg 768w, https:\/\/tsabeekitchen.com\/wp-content\/uploads\/2023\/09\/potato-salad-with-diy-mayonnaise-300x169.jpg 300w, https:\/\/tsabeekitchen.com\/wp-content\/uploads\/2023\/09\/potato-salad-with-diy-mayonnaise.jpg 848w\" sizes=\"(max-width: 768px) 100vw, 768px\" title=\"\"><\/div><\/a>\n\t\t\t\t<div class=\"elementor-post__avatar\">\n\t\t\t\t\t<\/div>\n\t\t\t\t<div class=\"elementor-post__text\">\n\t\t\t\t<h3 class=\"elementor-post__title\">\n\t\t\t<a href=\"https:\/\/tsabeekitchen.com\/pl\/potato-salad-diy-mayonnaise\/\" >\n\t\t\t\tSa\u0142atka ziemniaczana z majonezem DIY\t\t\t<\/a>\n\t\t<\/h3>\n\t\t\n\t\t<a class=\"elementor-post__read-more\" href=\"https:\/\/tsabeekitchen.com\/pl\/potato-salad-diy-mayonnaise\/\" aria-label=\"Read more about Potato salad with DIY mayonnaise\" tabindex=\"-1\" >\n\t\t\tCzytaj wi\u0119cej \u00bb\t\t<\/a>\n\n\t\t\t\t<\/div>\n\t\t\t\t\t<\/div>\n\t\t<\/article>\n\t\t\t\t<article class=\"elementor-post elementor-grid-item post-6126 post type-post status-publish format-standard has-post-thumbnail hentry category-soup tag-fast-fish-soup tag-fish-soup tag-fish-soup-recipe tag-fish-soup-recipes tag-fish-soup-without-fishbones tag-recipes-of-the-world tag-without-fishbones\" role=\"listitem\">\n\t\t\t<div class=\"elementor-post__card\">\n\t\t\t\t<a class=\"elementor-post__thumbnail__link\" href=\"https:\/\/tsabeekitchen.com\/pl\/fish-soup-without-fishbones\/\" tabindex=\"-1\" ><div class=\"elementor-post__thumbnail\"><img loading=\"lazy\" decoding=\"async\" width=\"768\" height=\"504\" src=\"https:\/\/tsabeekitchen.com\/wp-content\/uploads\/2023\/09\/fast-fishsoup-recipe-without-fishbones-768x504.jpg\" class=\"attachment-medium_large size-medium_large wp-image-6129\" alt=\"Przepis na szybk\u0105 zup\u0119 rybn\u0105 bez o\u015bci\" srcset=\"https:\/\/tsabeekitchen.com\/wp-content\/uploads\/2023\/09\/fast-fishsoup-recipe-without-fishbones-768x504.jpg 768w, https:\/\/tsabeekitchen.com\/wp-content\/uploads\/2023\/09\/fast-fishsoup-recipe-without-fishbones-300x197.jpg 300w, https:\/\/tsabeekitchen.com\/wp-content\/uploads\/2023\/09\/fast-fishsoup-recipe-without-fishbones.jpg 848w\" sizes=\"(max-width: 768px) 100vw, 768px\" title=\"\"><\/div><\/a>\n\t\t\t\t<div class=\"elementor-post__avatar\">\n\t\t\t\t\t<\/div>\n\t\t\t\t<div class=\"elementor-post__text\">\n\t\t\t\t<h3 class=\"elementor-post__title\">\n\t\t\t<a href=\"https:\/\/tsabeekitchen.com\/pl\/fish-soup-without-fishbones\/\" >\n\t\t\t\tSzybka zupa rybna - bez o\u015bci\t\t\t<\/a>\n\t\t<\/h3>\n\t\t\n\t\t<a class=\"elementor-post__read-more\" href=\"https:\/\/tsabeekitchen.com\/pl\/fish-soup-without-fishbones\/\" aria-label=\"Read more about Fast Fish soup &#8211; without fishbones\" tabindex=\"-1\" >\n\t\t\tCzytaj wi\u0119cej \u00bb\t\t<\/a>\n\n\t\t\t\t<\/div>\n\t\t\t\t\t<\/div>\n\t\t<\/article>\n\t\t\t\t<article class=\"elementor-post elementor-grid-item post-5693 post type-post status-publish format-standard has-post-thumbnail hentry category-appetizer tag-beef-for-steak-tartare tag-beef-steak-tartare tag-fresh-steak-tartare tag-fresh-steak-tartare-recipe tag-steak-tartare tag-steak-tartare-recipe tag-tartare-recipe tag-tatarbifsztek\" role=\"listitem\">\n\t\t\t<div class=\"elementor-post__card\">\n\t\t\t\t<a class=\"elementor-post__thumbnail__link\" href=\"https:\/\/tsabeekitchen.com\/pl\/the-best-fresh-steak-tartare-recipe\/\" tabindex=\"-1\" ><div class=\"elementor-post__thumbnail\"><img loading=\"lazy\" decoding=\"async\" width=\"768\" height=\"421\" src=\"https:\/\/tsabeekitchen.com\/wp-content\/uploads\/2023\/09\/steak-tartare-recipe-768x421.jpg\" class=\"attachment-medium_large size-medium_large wp-image-5696\" alt=\"steak tartare recipe\" srcset=\"https:\/\/tsabeekitchen.com\/wp-content\/uploads\/2023\/09\/steak-tartare-recipe-768x421.jpg 768w, https:\/\/tsabeekitchen.com\/wp-content\/uploads\/2023\/09\/steak-tartare-recipe-300x165.jpg 300w, https:\/\/tsabeekitchen.com\/wp-content\/uploads\/2023\/09\/steak-tartare-recipe.jpg 848w\" sizes=\"(max-width: 768px) 100vw, 768px\" title=\"\"><\/div><\/a>\n\t\t\t\t<div class=\"elementor-post__avatar\">\n\t\t\t\t\t<\/div>\n\t\t\t\t<div class=\"elementor-post__text\">\n\t\t\t\t<h3 class=\"elementor-post__title\">\n\t\t\t<a href=\"https:\/\/tsabeekitchen.com\/pl\/the-best-fresh-steak-tartare-recipe\/\" >\n\t\t\t\tThe Best fresh steak tartare recipe\t\t\t<\/a>\n\t\t<\/h3>\n\t\t\n\t\t<a class=\"elementor-post__read-more\" href=\"https:\/\/tsabeekitchen.com\/pl\/the-best-fresh-steak-tartare-recipe\/\" aria-label=\"Read more about The Best fresh steak tartare recipe\" tabindex=\"-1\" >\n\t\t\tCzytaj wi\u0119cej \u00bb\t\t<\/a>\n\n\t\t\t\t<\/div>\n\t\t\t\t\t<\/div>\n\t\t<\/article>\n\t\t\t\t<article class=\"elementor-post elementor-grid-item post-5450 post type-post status-publish format-standard has-post-thumbnail hentry category-appetizer tag-chciken-liver-pate tag-chicken-liver-pate-recipe tag-liver-pate tag-liver-pate-recipe tag-majkrem-recept tag-pastetom\" role=\"listitem\">\n\t\t\t<div class=\"elementor-post__card\">\n\t\t\t\t<a class=\"elementor-post__thumbnail__link\" href=\"https:\/\/tsabeekitchen.com\/pl\/chicken-liver-pate-recipe\/\" tabindex=\"-1\" ><div class=\"elementor-post__thumbnail\"><img loading=\"lazy\" decoding=\"async\" width=\"768\" height=\"430\" src=\"https:\/\/tsabeekitchen.com\/wp-content\/uploads\/2023\/08\/chicken-live-pate-768x430.jpg\" class=\"attachment-medium_large size-medium_large wp-image-5453\" alt=\"chicken liver pat\u00e9\" srcset=\"https:\/\/tsabeekitchen.com\/wp-content\/uploads\/2023\/08\/chicken-live-pate-768x430.jpg 768w, https:\/\/tsabeekitchen.com\/wp-content\/uploads\/2023\/08\/chicken-live-pate-300x168.jpg 300w, https:\/\/tsabeekitchen.com\/wp-content\/uploads\/2023\/08\/chicken-live-pate.jpg 840w\" sizes=\"(max-width: 768px) 100vw, 768px\" title=\"\"><\/div><\/a>\n\t\t\t\t<div class=\"elementor-post__avatar\">\n\t\t\t\t\t<\/div>\n\t\t\t\t<div class=\"elementor-post__text\">\n\t\t\t\t<h3 class=\"elementor-post__title\">\n\t\t\t<a href=\"https:\/\/tsabeekitchen.com\/pl\/chicken-liver-pate-recipe\/\" >\n\t\t\t\tChicken Liver Pat\u00e9 recipe\t\t\t<\/a>\n\t\t<\/h3>\n\t\t\n\t\t<a class=\"elementor-post__read-more\" href=\"https:\/\/tsabeekitchen.com\/pl\/chicken-liver-pate-recipe\/\" aria-label=\"Read more about Chicken Liver Pat\u00e9 recipe\" tabindex=\"-1\" >\n\t\t\tCzytaj wi\u0119cej \u00bb\t\t<\/a>\n\n\t\t\t\t<\/div>\n\t\t\t\t\t<\/div>\n\t\t<\/article>\n\t\t\t\t<article class=\"elementor-post elementor-grid-item post-1754 post type-post status-publish format-standard has-post-thumbnail hentry category-soup tag-cauliflower-recipes tag-cauliflower-soup tag-cauliflower-soup-cream tag-cauliflower-soup-easy tag-cauliflower-soup-recipe tag-cream-of-cauliflower-soup tag-cream-of-cauliflower-soup-recipe tag-cream-soup tag-cream-soup-recipes tag-recipes-of-the-world\" role=\"listitem\">\n\t\t\t<div class=\"elementor-post__card\">\n\t\t\t\t<a class=\"elementor-post__thumbnail__link\" href=\"https:\/\/tsabeekitchen.com\/pl\/cream-of-cauliflower-soup-recipe\/\" tabindex=\"-1\" ><div class=\"elementor-post__thumbnail\"><img loading=\"lazy\" decoding=\"async\" width=\"768\" height=\"432\" src=\"https:\/\/tsabeekitchen.com\/wp-content\/uploads\/2023\/06\/cream-of-cauliflower-soup-recipe-768x432.jpg\" class=\"attachment-medium_large size-medium_large wp-image-1959\" alt=\"cream of cauliflower soup recipe\" srcset=\"https:\/\/tsabeekitchen.com\/wp-content\/uploads\/2023\/06\/cream-of-cauliflower-soup-recipe-768x432.jpg 768w, https:\/\/tsabeekitchen.com\/wp-content\/uploads\/2023\/06\/cream-of-cauliflower-soup-recipe-300x169.jpg 300w, https:\/\/tsabeekitchen.com\/wp-content\/uploads\/2023\/06\/cream-of-cauliflower-soup-recipe.jpg 836w\" sizes=\"(max-width: 768px) 100vw, 768px\" title=\"\"><\/div><\/a>\n\t\t\t\t<div class=\"elementor-post__avatar\">\n\t\t\t\t\t<\/div>\n\t\t\t\t<div class=\"elementor-post__text\">\n\t\t\t\t<h3 class=\"elementor-post__title\">\n\t\t\t<a href=\"https:\/\/tsabeekitchen.com\/pl\/cream-of-cauliflower-soup-recipe\/\" >\n\t\t\t\tCream of cauliflower soup recipe\t\t\t<\/a>\n\t\t<\/h3>\n\t\t\n\t\t<a class=\"elementor-post__read-more\" href=\"https:\/\/tsabeekitchen.com\/pl\/cream-of-cauliflower-soup-recipe\/\" aria-label=\"Read more about Cream of cauliflower soup recipe\" tabindex=\"-1\" >\n\t\t\tCzytaj wi\u0119cej \u00bb\t\t<\/a>\n\n\t\t\t\t<\/div>\n\t\t\t\t\t<\/div>\n\t\t<\/article>\n\t\t\t\t<article class=\"elementor-post elementor-grid-item post-1719 post type-post status-publish format-standard has-post-thumbnail hentry category-appetizer tag-cold-mushroom-salad tag-cold-mushroom-salad-recipe tag-cold-salad-recipes tag-easy-cold-mushroom-salad-recipe tag-mushroom tag-mushroom-recipes tag-mushrrom-salad tag-recipes-of-the-world tag-salad-recipes\" role=\"listitem\">\n\t\t\t<div class=\"elementor-post__card\">\n\t\t\t\t<a class=\"elementor-post__thumbnail__link\" href=\"https:\/\/tsabeekitchen.com\/pl\/easy-cold-mushroom-salad-recipe\/\" tabindex=\"-1\" ><div class=\"elementor-post__thumbnail\"><img loading=\"lazy\" decoding=\"async\" width=\"768\" height=\"432\" src=\"https:\/\/tsabeekitchen.com\/wp-content\/uploads\/2023\/06\/Easy-cold-mushroom-salad-recipe-768x432.jpg\" class=\"attachment-medium_large size-medium_large wp-image-1722\" alt=\"Easy cold mushroom salad recipe\" srcset=\"https:\/\/tsabeekitchen.com\/wp-content\/uploads\/2023\/06\/Easy-cold-mushroom-salad-recipe-768x432.jpg 768w, https:\/\/tsabeekitchen.com\/wp-content\/uploads\/2023\/06\/Easy-cold-mushroom-salad-recipe-300x169.jpg 300w, https:\/\/tsabeekitchen.com\/wp-content\/uploads\/2023\/06\/Easy-cold-mushroom-salad-recipe.jpg 836w\" sizes=\"(max-width: 768px) 100vw, 768px\" title=\"\"><\/div><\/a>\n\t\t\t\t<div class=\"elementor-post__avatar\">\n\t\t\t\t\t<\/div>\n\t\t\t\t<div class=\"elementor-post__text\">\n\t\t\t\t<h3 class=\"elementor-post__title\">\n\t\t\t<a href=\"https:\/\/tsabeekitchen.com\/pl\/easy-cold-mushroom-salad-recipe\/\" >\n\t\t\t\tEasy cold mushroom salad recipe\t\t\t<\/a>\n\t\t<\/h3>\n\t\t\n\t\t<a class=\"elementor-post__read-more\" href=\"https:\/\/tsabeekitchen.com\/pl\/easy-cold-mushroom-salad-recipe\/\" aria-label=\"Read more about Easy cold mushroom salad recipe\" tabindex=\"-1\" >\n\t\t\tCzytaj wi\u0119cej \u00bb\t\t<\/a>\n\n\t\t\t\t<\/div>\n\t\t\t\t\t<\/div>\n\t\t<\/article>\n\t\t\t\t<\/div>\n\t\t\n\t\t\t\t\t\t<\/div>\n\t\t\t\t<\/div>\n\t\t\t\t\t<\/div>\n\t\t<\/div>\n\t\t\t\t\t<\/div>\n\t\t<\/section>\n\t\t\t\t<section class=\"elementor-section elementor-top-section elementor-element elementor-element-5388c60e elementor-section-boxed elementor-section-height-default elementor-section-height-default\" data-id=\"5388c60e\" data-element_type=\"section\" data-e-type=\"section\">\n\t\t\t\t\t\t<div class=\"elementor-container elementor-column-gap-default\">\n\t\t\t\t\t<div class=\"elementor-column elementor-col-100 elementor-top-column elementor-element elementor-element-54228b3a\" data-id=\"54228b3a\" data-element_type=\"column\" data-e-type=\"column\">\n\t\t\t<div class=\"elementor-widget-wrap\">\n\t\t\t\t\t\t\t<\/div>\n\t\t<\/div>\n\t\t\t\t\t<\/div>\n\t\t<\/section>\n\t\t\t\t<\/div>","protected":false},"excerpt":{"rendered":"<p>Soup &#038; appetizer recipes of the World<\/p>","protected":false},"author":1,"featured_media":0,"parent":0,"menu_order":0,"comment_status":"closed","ping_status":"closed","template":"elementor_header_footer","meta":{"footnotes":""},"class_list":["post-642","page","type-page","status-publish","hentry"],"_links":{"self":[{"href":"https:\/\/tsabeekitchen.com\/pl\/wp-json\/wp\/v2\/pages\/642","targetHints":{"allow":["GET"]}}],"collection":[{"href":"https:\/\/tsabeekitchen.com\/pl\/wp-json\/wp\/v2\/pages"}],"about":[{"href":"https:\/\/tsabeekitchen.com\/pl\/wp-json\/wp\/v2\/types\/page"}],"author":[{"embeddable":true,"href":"https:\/\/tsabeekitchen.com\/pl\/wp-json\/wp\/v2\/users\/1"}],"replies":[{"embeddable":true,"href":"https:\/\/tsabeekitchen.com\/pl\/wp-json\/wp\/v2\/comments?post=642"}],"version-history":[{"count":0,"href":"https:\/\/tsabeekitchen.com\/pl\/wp-json\/wp\/v2\/pages\/642\/revisions"}],"wp:attachment":[{"href":"https:\/\/tsabeekitchen.com\/pl\/wp-json\/wp\/v2\/media?parent=642"}],"curies":[{"name":"wp","href":"https:\/\/api.w.org\/{rel}","templated":true}]}}